{"id":40,"date":"2025-02-24T08:34:22","date_gmt":"2025-02-24T08:34:22","guid":{"rendered":"https:\/\/hejkalek.cz\/?page_id=40"},"modified":"2025-03-11T07:37:58","modified_gmt":"2025-03-11T07:37:58","slug":"kde-nas-najdete","status":"publish","type":"page","link":"https:\/\/hejkalek.cz\/?page_id=40","title":{"rendered":"S\u00eddlo"},"content":{"rendered":"\n<div class=\"wp-block-cover alignfull\" style=\"min-height:720px;aspect-ratio:unset;\"><span aria-hidden=\"true\" class=\"wp-block-cover__background has-background-dim-100 has-background-dim has-background-gradient\" style=\"background:linear-gradient(300deg,rgb(202,248,128) 0%,rgb(113,206,126) 100%)\"><\/span><div class=\"wp-block-cover__inner-container is-layout-flow wp-block-cover-is-layout-flow\">\n<div class=\"inherit-container-width wp-block-group alignwide is-layout-constrained wp-block-group-is-layout-constrained\">\n<div class=\"wp-block-media-text alignwide has-media-on-the-right is-stacked-on-mobile is-vertically-aligned-center\" style=\"grid-template-columns:auto 43%\"><div class=\"wp-block-media-text__content\">\n<div style=\"height:100px\" aria-hidden=\"true\" class=\"wp-block-spacer\"><\/div>\n\n\n\n<h1 class=\"wp-block-heading has-text-align-left has-white-color has-text-color\">S\u00eddlo aneb kdepak n\u00e1s najdete?<\/h1>\n\n\n\n<p class=\"has-white-color has-text-color has-link-color wp-elements-b210dae2aec23cf0f5ac0e8160b4702c\"><strong>O tom, jak Hejk\u00e1lek hledal sv\u016fj nov\u00fd domov a kde se us\u00eddlil<\/strong><\/p>\n\n\n\n<p class=\"has-white-color has-text-color has-link-color wp-elements-14b48647d662a14d1e2b4f839f9b0892\">Pot\u0159eboval klidn\u00fd kout se st\u00ednem vzrostl\u00fdch strom\u016f, pt\u00e1ky, mot\u00fdly a spoustu kyti\u010dek. Cht\u011bl v\u0161ak b\u00fdt bl\u00ed\u017ee lidi\u010dk\u00e1m, muze\u00edm, knihovn\u00e1m, sportovi\u0161t\u00edm, ale tak\u00e9 ateli\u00e9r\u016fm um\u011blc\u016f \u010di d\u00edln\u00e1m \u0161ikovn\u00fdch \u0159emesln\u00edk\u016f. Prost\u011b cht\u011bl \u017e\u00edt v centru d\u011bn\u00ed.<\/p>\n\n\n\n<p class=\"has-white-color has-text-color has-link-color wp-elements-861446b8d3c03f5fb41d7d3b80dede43\">Lze takov\u00fd prostor v\u016fbec naj\u00edt? Hejk\u00e1lek hledal, hledal, a\u017e na\u0161el. P\u0159\u00edmo uprost\u0159ed m\u011bsta, v ulici historick\u00fdch dom\u016f, kter\u00e1 se 28. \u0159\u00edjna naz\u00fdv\u00e1, stoj\u00ed ji\u017e v\u00edce ne\u017e 120 let d\u016fm s \u010d\u00edslem 1081\/19. Kdy\u017e pro\u0161el t\u00edmto domem, kousek p\u0159\u00edrody a klidn\u00fd kout, kter\u00fd hledal nalezl. I zrekonstruoval k\u0159\u00eddlo toho domu, kter\u00fd v t\u00e9 kr\u00e1sn\u00e9 zahrad\u011b st\u00e1l, aby tam jemu i jeho kamar\u00e1d\u00ed\u010dk\u016fm, mal\u00fdm lidi\u010dk\u00e1m, dob\u0159e bylo.<\/p>\n\n\n\n<p class=\"has-white-color has-text-color has-link-color wp-elements-f8bb27c7f2566a3936979287fff7291e\">Hejk\u00e1lek se nach\u00e1z\u00ed p\u0159\u00edmo v&nbsp;centru m\u011bsta Chomutov, vchodem z&nbsp;ulice 28. \u0159\u00edjna 1081\/10 projdete chodbou do vnitrobloku, kde na v\u00e1s p\u0159i vstupu na zahradu, cestou ze schod\u016f, d\u00fdchne klid a pohoda snouben\u00e1 s&nbsp;p\u0159\u00edrodou.<\/p>\n\n\n\n<p class=\"has-white-color has-text-color has-link-color wp-elements-b883045351da9a102fdbe578071da10d\">U budovy je rozlehl\u00e1 zahrada a za brankou ve st\u00ednu strom\u016f d\u011btsk\u00e9 h\u0159i\u0161t\u011b.<\/p>\n\n\n\n<p class=\"has-white-color has-text-color has-link-color wp-elements-247268f3d11dcb53c569a1c1ea0945e2\">Nedaleko m\u00e1me m\u011bstskou knihovnu, kde vyu\u017e\u00edv\u00e1me programy pro M\u0160 a DS.<\/p>\n\n\n\n<p class=\"has-white-color has-text-color has-link-color wp-elements-c43318ef97e0a3b38cc4acaa7f58a75b\">\u010casto vyj\u00ed\u017ed\u00edme na v\u00fdlety do okoln\u00edch les\u016f, Zooparku a tak\u00e9 r\u00e1di nav\u0161t\u011bvujeme DDM Chomutov, kde se \u00fa\u010dastn\u00edme kr\u00e1sn\u00fdch akc\u00ed pro d\u011bti.<\/p>\n\n\n\n<p class=\"has-white-color has-text-color has-link-color wp-elements-7eabc8f1365fd18bbd9b21bcbc0b83e8\">V&nbsp;na\u0161\u00ed hern\u011b si r\u00e1di pohrajeme za nevl\u00eddn\u00e9ho po\u010das\u00ed, tvo\u0159\u00edme a cvi\u010d\u00edme.<\/p>\n\n\n\n<p class=\"has-white-color has-text-color has-link-color wp-elements-81892799b651a580599fb937632ec531\">Prohlubujeme vztahy mezi sebou, u\u010d\u00edme se toleranci, samostatnosti, a v&nbsp;prvn\u00edm kolektivu objevujeme spole\u010dn\u011b sv\u011bt.<\/p>\n<\/div><figure class=\"wp-block-media-text__media\"><img loading=\"lazy\" decoding=\"async\" width=\"1024\" height=\"698\" src=\"https:\/\/hejkalek.cz\/wp-content\/uploads\/2025\/02\/5-1-1024x698.png\" alt=\"\" class=\"wp-image-81 size-full\" srcset=\"https:\/\/hejkalek.cz\/wp-content\/uploads\/2025\/02\/5-1-1024x698.png 1024w, https:\/\/hejkalek.cz\/wp-content\/uploads\/2025\/02\/5-1-300x205.png 300w, https:\/\/hejkalek.cz\/wp-content\/uploads\/2025\/02\/5-1-768x524.png 768w, https:\/\/hejkalek.cz\/wp-content\/uploads\/2025\/02\/5-1-1536x1048.png 1536w, https:\/\/hejkalek.cz\/wp-content\/uploads\/2025\/02\/5-1-2048x1397.png 2048w\" sizes=\"auto, (max-width: 1024px) 100vw, 1024px\" \/><\/figure><\/div>\n<\/div>\n<\/div><\/div>\n\n\n\n<p><\/p>\n","protected":false},"excerpt":{"rendered":"","protected":false},"author":1,"featured_media":0,"parent":0,"menu_order":0,"comment_status":"closed","ping_status":"closed","template":"","meta":{"site-sidebar-layout":"no-sidebar","site-content-layout":"plain-container","ast-site-content-layout":"","site-content-style":"default","site-sidebar-style":"default","ast-global-header-display":"","ast-banner-title-visibility":"","ast-main-header-display":"","ast-hfb-above-header-display":"","ast-hfb-below-header-display":"","ast-hfb-mobile-header-display":"","site-post-title":"disabled","ast-breadcrumbs-content":"","ast-featured-img":"","footer-sml-layout":"","theme-transparent-header-meta":"enabled","adv-header-id-meta":"","stick-header-meta":"","header-above-stick-meta":"","header-main-stick-meta":"","header-below-stick-meta":"","astra-migrate-meta-layouts":"default","ast-page-background-enabled":"default","ast-page-background-meta":{"desktop":{"background-color":"var(--ast-global-color-5)","background-image":"","background-repeat":"repeat","background-position":"center center","background-size":"auto","background-attachment":"scroll","background-type":"","background-media":"","overlay-type":"","overlay-color":"","overlay-opacity":"","overlay-gradient":""},"tablet":{"background-color":"","background-image":"","background-repeat":"repeat","background-position":"center center","background-size":"auto","background-attachment":"scroll","background-type":"","background-media":"","overlay-type":"","overlay-color":"","overlay-opacity":"","overlay-gradient":""},"mobile":{"background-color":"","background-image":"","background-repeat":"repeat","background-position":"center center","background-size":"auto","background-attachment":"scroll","background-type":"","background-media":"","overlay-type":"","overlay-color":"","overlay-opacity":"","overlay-gradient":""}},"ast-content-background-meta":{"desktop":{"background-color":"var(--ast-global-color-4)","background-image":"","background-repeat":"repeat","background-position":"center center","background-size":"auto","background-attachment":"scroll","background-type":"","background-media":"","overlay-type":"","overlay-color":"","overlay-opacity":"","overlay-gradient":""},"tablet":{"background-color":"var(--ast-global-color-4)","background-image":"","background-repeat":"repeat","background-position":"center center","background-size":"auto","background-attachment":"scroll","background-type":"","background-media":"","overlay-type":"","overlay-color":"","overlay-opacity":"","overlay-gradient":""},"mobile":{"background-color":"var(--ast-global-color-4)","background-image":"","background-repeat":"repeat","background-position":"center center","background-size":"auto","background-attachment":"scroll","background-type":"","background-media":"","overlay-type":"","overlay-color":"","overlay-opacity":"","overlay-gradient":""}},"footnotes":""},"class_list":["post-40","page","type-page","status-publish","hentry"],"_links":{"self":[{"href":"https:\/\/hejkalek.cz\/index.php?rest_route=\/wp\/v2\/pages\/40","targetHints":{"allow":["GET"]}}],"collection":[{"href":"https:\/\/hejkalek.cz\/index.php?rest_route=\/wp\/v2\/pages"}],"about":[{"href":"https:\/\/hejkalek.cz\/index.php?rest_route=\/wp\/v2\/types\/page"}],"author":[{"embeddable":true,"href":"https:\/\/hejkalek.cz\/index.php?rest_route=\/wp\/v2\/users\/1"}],"replies":[{"embeddable":true,"href":"https:\/\/hejkalek.cz\/index.php?rest_route=%2Fwp%2Fv2%2Fcomments&post=40"}],"version-history":[{"count":5,"href":"https:\/\/hejkalek.cz\/index.php?rest_route=\/wp\/v2\/pages\/40\/revisions"}],"predecessor-version":[{"id":160,"href":"https:\/\/hejkalek.cz\/index.php?rest_route=\/wp\/v2\/pages\/40\/revisions\/160"}],"wp:attachment":[{"href":"https:\/\/hejkalek.cz\/index.php?rest_route=%2Fwp%2Fv2%2Fmedia&parent=40"}],"curies":[{"name":"wp","href":"https:\/\/api.w.org\/{rel}","templated":true}]}}