{"id":44,"date":"2025-02-24T08:45:19","date_gmt":"2025-02-24T08:45:19","guid":{"rendered":"https:\/\/hejkalek.cz\/?page_id=44"},"modified":"2025-03-11T07:38:17","modified_gmt":"2025-03-11T07:38:17","slug":"harmonogram","status":"publish","type":"page","link":"https:\/\/hejkalek.cz\/?page_id=44","title":{"rendered":"\u010cinnost"},"content":{"rendered":"\n<p><\/p>\n\n\n\n<div class=\"wp-block-cover alignfull\" style=\"min-height:720px;aspect-ratio:unset;\"><span aria-hidden=\"true\" class=\"wp-block-cover__background has-background-dim-100 has-background-dim has-background-gradient\" style=\"background:linear-gradient(300deg,rgb(202,248,128) 0%,rgb(113,206,126) 100%)\"><\/span><div class=\"wp-block-cover__inner-container is-layout-flow wp-block-cover-is-layout-flow\">\n<div class=\"inherit-container-width wp-block-group alignwide is-layout-constrained wp-block-group-is-layout-constrained\">\n<div class=\"wp-block-media-text alignwide has-media-on-the-right is-stacked-on-mobile is-vertically-aligned-top\" style=\"grid-template-columns:auto 43%\"><div class=\"wp-block-media-text__content\">\n<div style=\"height:100px\" aria-hidden=\"true\" class=\"wp-block-spacer\"><\/div>\n\n\n\n<h1 class=\"wp-block-heading has-text-align-left has-white-color has-text-color\">\u010cinnost<\/h1>\n\n\n\n<p class=\"has-white-color has-text-color has-link-color wp-elements-bac34ba7dede03ffbd37177656cacc16\"><strong>O tom, jak Hejk\u00e1lek k pomocnic\u00edm p\u0159i\u0161el a co pro kamar\u00e1d\u00ed\u010dky, mal\u00e9 lidi\u010dky, p\u0159ichystaly<\/strong><\/p>\n\n\n\n<p class=\"has-white-color has-text-color has-link-color wp-elements-2777825e8c5bafb51768d65fe1d179cc\">Prvn\u00ed, kdo se v nov\u00e9m domov\u011b k Hejk\u00e1lkovi p\u0159ipojily, byly tetky, zku\u0161en\u00e9 ch\u016fvy. Ty hned poznaly, \u017ee toto m\u00edsto je to prav\u00e9. Tady budou moci naplno rozvinout, co se v&nbsp;tom \u0161ir\u00e9m sv\u011bt\u011b nau\u010dily a sebou k&nbsp;n\u00e1m p\u0159inesly.&nbsp; Ihned se pustily do pr\u00e1ce a p\u0159ipravily kr\u00e1sn\u00e9 programy pro kamar\u00e1d\u00ed\u010dky, mal\u00e9 lidi\u010dky.<\/p>\n\n\n\n<p class=\"has-ast-global-color-0-color has-text-color has-link-color wp-elements-c2b21d5bd589252107fda094732f1790\"><\/p>\n\n\n\n<p class=\"has-white-color has-text-color has-link-color wp-elements-fc7d2392439687dd26ef155bd88df0d1\">Na\u0161\u00edm c\u00edlem je poskytnout d\u011btem bezpe\u010dn\u00e9, vst\u0159\u00edcn\u00e9, l\u00e1skypln\u00e9 prost\u0159ed\u00ed a b\u00fdt jim oporou p\u0159i objevov\u00e1n\u00ed sv\u011bta v&nbsp;prvn\u00edm kolektivu, p\u0159ipravit pestr\u00e9 \u010dinnosti a podm\u00ednky k&nbsp;rozvoji a rodi\u010d\u016fm d\u00e1t z\u00e1ruku, \u017ee je o d\u011bti dob\u0159e postar\u00e1no, aby i oni mohli v&nbsp;klidu pracovat a t\u011b\u0161it se na vypr\u00e1v\u011bn\u00ed a pokroky sv\u00fdch d\u011bt\u00ed.<\/p>\n\n\n\n<p class=\"has-white-color has-text-color has-link-color wp-elements-c4d7b03e34dbdaf2b17750a3f90787d8\">Polytechnika<\/p>\n\n\n\n<p class=\"has-white-color has-text-color has-link-color wp-elements-cb3d19e49f7bb76263bf8439297280b5\">Individu\u00e1ln\u00ed p\u0159\u00edstup.<\/p>\n\n\n\n<p class=\"has-white-color has-text-color has-link-color wp-elements-22ba70ff47ab0b874f85515eb6a9de43\">Rozv\u00edjen\u00ed motoriky, od hrub\u00e9 po jemnou a\u017e po okulomotoriku, vizuomotoriku a grafomotoriku.<\/p>\n\n\n\n<p class=\"has-white-color has-text-color has-link-color wp-elements-95e671ccffca177aa8c06dab57f012de\">Rozv\u00edjen\u00ed my\u0161len\u00ed, pam\u011bti a pozornosti.<\/p>\n\n\n\n<p class=\"has-white-color has-text-color has-link-color wp-elements-e3c6ff93e4ce191a449b11c848bd9476\">Podpora samostatnosti.<\/p>\n\n\n\n<p class=\"has-white-color has-text-color has-link-color wp-elements-ea81ee877110429c2385b8d26aceca86\">Rozv\u00edjen\u00ed potenci\u00e1ln\u00edho talentu d\u00edt\u011bte.&nbsp;<\/p>\n\n\n\n<p class=\"has-white-color has-text-color has-link-color wp-elements-09fd6882523aa88fa18eb42680433dcc\">Podpo\u0159en\u00ed tvo\u0159ivosti a fantazie.<\/p>\n\n\n\n<p class=\"has-white-color has-text-color has-link-color wp-elements-5bfdf2ea061f97a262342f10cd882e72\">U\u010den\u00ed hrou a pro\u017eitkem \u2013 senzory play.<\/p>\n\n\n\n<p class=\"has-white-color has-text-color has-link-color wp-elements-a6e6ad34bd7393b7d2eca380d5a5fe2e\">V\u00fdpravy do p\u0159\u00edrody \u2013 enviroment\u00e1ln\u00ed u\u010den\u00ed.<\/p>\n\n\n\n<p class=\"has-white-color has-text-color has-link-color wp-elements-69c93c9b06f7f6ed2c9d5e9bae61eb30\">Pokusy, objevy, b\u00e1d\u00e1n\u00ed.<\/p>\n\n\n\n<p class=\"has-white-color has-text-color has-link-color wp-elements-8adc3b18d75d188d314b2164ef34cedc\">Spojen\u00ed z\u00e1bavy a u\u010den\u00ed.<\/p>\n\n\n\n<p><\/p>\n\n\n\n<p class=\"has-white-color has-text-color has-link-color wp-elements-e79f3da580e2a45f89d5cc228df8a9fb\"><strong>P\u0159\u00edchod do d\u011btsk\u00e9 skupiny&nbsp;do 8:00<\/strong><\/p>\n\n\n\n<p class=\"has-white-color has-text-color has-link-color wp-elements-956943b1ca85f591b3f72dbc74bdc13f\">Harmonogram dne<\/p>\n\n\n\n<figure class=\"wp-block-table\"><table class=\"has-white-color has-text-color has-link-color has-fixed-layout\"><tbody><tr><td>07:00\u2013 08:00<\/td><td>P\u0159\u00edchod d\u011bt\u00ed, spont\u00e1nn\u00ed hra, individu\u00e1ln\u00ed pr\u00e1ce s&nbsp;d\u011btmi<\/td><\/tr><tr><td>08:00 \u2013 08:30<\/td><td>Rann\u00ed kruh, \u00favod do t\u00e9matu, rann\u00ed rozcvi\u010dka s&nbsp;b\u00e1sni\u010dkou, opakov\u00e1n\u00ed<\/td><\/tr><tr><td>08:30 \u2013 09:00<\/td><td>Hygiena, sva\u010dina<\/td><\/tr><tr><td>09:00 \u2013 09:45<\/td><td>V\u00fdchovn\u011b-vzd\u011bl\u00e1vac\u00ed \u010dinnost \u2013 \u010dinnosti p\u0159ipravujeme dle t\u00e9matu v&nbsp;Pl\u00e1nu v\u00fdchov, nab\u00eddka tv\u016fr\u010d\u00edch, pohybov\u00fdch, hudebn\u00edch \u010dinnost\u00ed<\/td><\/tr><tr><td>09:45 \u2013 10:00<\/td><td>Pitn\u00fd re\u017eim, ovoce, zelenina<\/td><\/tr><tr><td>10:00 \u2013 11:30<\/td><td>Pobyt venku \u2013 sportov\u00e1n\u00ed, objevov\u00e1n\u00ed, polytechnika<\/td><\/tr><tr><td>11:30 \u2013 12:00<\/td><td>Hygiena, ob\u011bd, vyzved\u00e1v\u00e1n\u00ed d\u011bt\u00ed s&nbsp;dopoledn\u00ed doch\u00e1zkou, p\u0159evl\u00e9k\u00e1n\u00ed do py\u017e\u00e1mka &nbsp;<\/td><\/tr><tr><td>12:00 \u2013 14:00<\/td><td>Odpo\u010dinek, \u010dten\u00ed poh\u00e1dek, jejich poslech, individu\u00e1ln\u00ed pr\u00e1ce s&nbsp;d\u011btmi<\/td><\/tr><tr><td>14:00 \u2013 14:30<\/td><td>Hygiena, p\u0159evl\u00e9k\u00e1n\u00ed, sva\u010dina, ukl\u00edzen\u00ed leh\u00e1tek<\/td><\/tr><tr><td>14:30 \u2013 17:00<\/td><td>Spont\u00e1nn\u00ed hra d\u011bt\u00ed, kreativn\u00ed \u010dinnosti, za p\u011bkn\u00e9ho po\u010das\u00ed pobyt venku na zahrad\u011b, vyzved\u00e1v\u00e1n\u00ed d\u011bt\u00ed<\/td><\/tr><\/tbody><\/table><\/figure>\n\n\n\n<p class=\"has-white-color has-text-color has-link-color wp-elements-c645e628e62f8fbab9d9726851472d16\"><\/p>\n\n\n\n<p class=\"has-white-color has-text-color has-link-color wp-elements-4fdab98a741e916f7293914da1c52682\"><strong>PROJEKTY<\/strong><\/p>\n\n\n\n<p class=\"has-white-color has-text-color has-link-color wp-elements-873bb2f322b500d42246894c08831803\">DS Hejk\u00e1lek je zapojen do projekt\u016f\u2026<\/p>\n\n\n\n<ul class=\"wp-block-list\">\n<li class=\"has-white-color has-text-color has-link-color wp-elements-d3d0cd4edcc340123317d4478d5efacc\"><strong>Se Sokolem do \u017eivota<\/strong><\/li>\n<\/ul>\n\n\n\n<p class=\"has-white-color has-text-color has-link-color wp-elements-308ea07c84c87592de058f82b0fd5210\">Se Sokolem do \u017eivota je&nbsp;<strong>nejroz\u0161\u00ed\u0159en\u011bj\u0161\u00ed projekt pro rozvoj pohybov\u00fdch dovednost\u00ed pro d\u011bti ve v\u011bku 3-6 let u n\u00e1s.<\/strong>&nbsp;Pedagog\u016fm zapojen\u00fdch mate\u0159sk\u00fdch \u0161kol, d\u011btsk\u00fdch skupin a t\u011blocvi\u010dn\u00fdch jednot poskytuje kompletn\u00ed metodick\u00e9 materi\u00e1ly pro rozvoj pohybov\u00e9 gramotnosti.<\/p>\n\n\n\n<ul class=\"wp-block-list\">\n<li class=\"has-white-color has-text-color has-link-color wp-elements-437876856f4b9436353bd993a3bcaaa6\"><strong>Cel\u00e9 \u010cesko \u010dte d\u011btem<\/strong><\/li>\n<\/ul>\n\n\n\n<p class=\"has-white-color has-text-color has-link-color wp-elements-18b159e22e7d7e7176809759bdc17d1a\">Posl\u00e1n\u00edm obecn\u011b prosp\u011b\u0161n\u00e9 spole\u010dnosti Cel\u00e9 \u010cesko \u010dte d\u011btem je prost\u0159ednictv\u00edm spole\u010dn\u00e9ho \u010dten\u00ed budovat pevn\u00e9 vazby v rodin\u011b. Pravideln\u00e9 p\u0159ed\u010d\u00edt\u00e1n\u00ed d\u011btem&nbsp;m\u00e1 obrovsk\u00fd v\u00fdznam pro <strong>rozvoj jejich emocion\u00e1ln\u00edho zdrav\u00ed<\/strong>. P\u0159ed\u010d\u00edt\u00e1n\u00ed <strong>rozv\u00edj\u00ed pam\u011b\u0165 a p\u0159edstavivost, u\u010d\u00ed my\u0161len\u00ed<\/strong>. P\u0159ed\u010d\u00edt\u00e1n\u00ed utv\u00e1\u0159\u00ed pevn\u00e9 pouto mezi rodi\u010dem a d\u00edt\u011btem. My ne\u0159\u00edk\u00e1me&nbsp;&#8222;Jdi a \u010dti si!&#8220;, ale&nbsp;&#8222;Poj\u010f, budu ti &nbsp;\u010d\u00edst&#8220;.&nbsp;Sta\u010d\u00ed 20 minut denn\u011b. Ka\u017ed\u00fd den.<\/p>\n\n\n\n<ul class=\"wp-block-list\">\n<li class=\"has-white-color has-text-color has-link-color wp-elements-906f82a6ec683e8ef4044bad10e8e544\"><strong>Recyklohran\u00ed<\/strong><\/li>\n<\/ul>\n\n\n\n<p class=\"has-white-color has-text-color has-link-color wp-elements-bb1c940712c00fff0e887ee2e2553abc\"><strong>Recyklohran\u00ed rozv\u00edj\u00ed vztah d\u011bt\u00ed k \u017eivotn\u00edmu prost\u0159ed\u00ed formou tematick\u00fdch her, praktick\u00fdch \u010dinnost\u00ed, kv\u00edz\u016f a men\u0161\u00edch projekt\u016f, ale tak\u00e9 p\u0159\u00edmou \u00fa\u010dast\u00ed d\u011bt\u00ed na sb\u011bru pou\u017eit\u00fdch bateri\u00ed a drobn\u00e9ho elektroza\u0159\u00edzen\u00ed.&nbsp;<\/strong><strong><\/strong><\/p>\n<\/div><figure class=\"wp-block-media-text__media\"><img loading=\"lazy\" decoding=\"async\" width=\"1024\" height=\"887\" src=\"https:\/\/hejkalek.cz\/wp-content\/uploads\/2025\/02\/6-2-1024x887.png\" alt=\"\" class=\"wp-image-79 size-full\" srcset=\"https:\/\/hejkalek.cz\/wp-content\/uploads\/2025\/02\/6-2-1024x887.png 1024w, https:\/\/hejkalek.cz\/wp-content\/uploads\/2025\/02\/6-2-300x260.png 300w, https:\/\/hejkalek.cz\/wp-content\/uploads\/2025\/02\/6-2-768x665.png 768w, https:\/\/hejkalek.cz\/wp-content\/uploads\/2025\/02\/6-2.png 1436w\" sizes=\"auto, (max-width: 1024px) 100vw, 1024px\" \/><\/figure><\/div>\n\n\n\n<pre class=\"wp-block-verse\"><\/pre>\n<\/div>\n<\/div><\/div>\n\n\n\n<p><\/p>\n","protected":false},"excerpt":{"rendered":"","protected":false},"author":1,"featured_media":0,"parent":0,"menu_order":0,"comment_status":"closed","ping_status":"closed","template":"","meta":{"site-sidebar-layout":"no-sidebar","site-content-layout":"plain-container","ast-site-content-layout":"","site-content-style":"default","site-sidebar-style":"default","ast-global-header-display":"","ast-banner-title-visibility":"","ast-main-header-display":"","ast-hfb-above-header-display":"","ast-hfb-below-header-display":"","ast-hfb-mobile-header-display":"","site-post-title":"disabled","ast-breadcrumbs-content":"","ast-featured-img":"","footer-sml-layout":"","theme-transparent-header-meta":"enabled","adv-header-id-meta":"","stick-header-meta":"","header-above-stick-meta":"","header-main-stick-meta":"","header-below-stick-meta":"","astra-migrate-meta-layouts":"default","ast-page-background-enabled":"default","ast-page-background-meta":{"desktop":{"background-color":"var(--ast-global-color-5)","background-image":"","background-repeat":"repeat","background-position":"center center","background-size":"auto","background-attachment":"scroll","background-type":"","background-media":"","overlay-type":"","overlay-color":"","overlay-opacity":"","overlay-gradient":""},"tablet":{"background-color":"","background-image":"","background-repeat":"repeat","background-position":"center center","background-size":"auto","background-attachment":"scroll","background-type":"","background-media":"","overlay-type":"","overlay-color":"","overlay-opacity":"","overlay-gradient":""},"mobile":{"background-color":"","background-image":"","background-repeat":"repeat","background-position":"center center","background-size":"auto","background-attachment":"scroll","background-type":"","background-media":"","overlay-type":"","overlay-color":"","overlay-opacity":"","overlay-gradient":""}},"ast-content-background-meta":{"desktop":{"background-color":"var(--ast-global-color-4)","background-image":"","background-repeat":"repeat","background-position":"center center","background-size":"auto","background-attachment":"scroll","background-type":"","background-media":"","overlay-type":"","overlay-color":"","overlay-opacity":"","overlay-gradient":""},"tablet":{"background-color":"var(--ast-global-color-4)","background-image":"","background-repeat":"repeat","background-position":"center center","background-size":"auto","background-attachment":"scroll","background-type":"","background-media":"","overlay-type":"","overlay-color":"","overlay-opacity":"","overlay-gradient":""},"mobile":{"background-color":"var(--ast-global-color-4)","background-image":"","background-repeat":"repeat","background-position":"center center","background-size":"auto","background-attachment":"scroll","background-type":"","background-media":"","overlay-type":"","overlay-color":"","overlay-opacity":"","overlay-gradient":""}},"footnotes":""},"class_list":["post-44","page","type-page","status-publish","hentry"],"_links":{"self":[{"href":"https:\/\/hejkalek.cz\/index.php?rest_route=\/wp\/v2\/pages\/44","targetHints":{"allow":["GET"]}}],"collection":[{"href":"https:\/\/hejkalek.cz\/index.php?rest_route=\/wp\/v2\/pages"}],"about":[{"href":"https:\/\/hejkalek.cz\/index.php?rest_route=\/wp\/v2\/types\/page"}],"author":[{"embeddable":true,"href":"https:\/\/hejkalek.cz\/index.php?rest_route=\/wp\/v2\/users\/1"}],"replies":[{"embeddable":true,"href":"https:\/\/hejkalek.cz\/index.php?rest_route=%2Fwp%2Fv2%2Fcomments&post=44"}],"version-history":[{"count":7,"href":"https:\/\/hejkalek.cz\/index.php?rest_route=\/wp\/v2\/pages\/44\/revisions"}],"predecessor-version":[{"id":161,"href":"https:\/\/hejkalek.cz\/index.php?rest_route=\/wp\/v2\/pages\/44\/revisions\/161"}],"wp:attachment":[{"href":"https:\/\/hejkalek.cz\/index.php?rest_route=%2Fwp%2Fv2%2Fmedia&parent=44"}],"curies":[{"name":"wp","href":"https:\/\/api.w.org\/{rel}","templated":true}]}}