{"id":48,"date":"2025-02-24T09:03:43","date_gmt":"2025-02-24T09:03:43","guid":{"rendered":"https:\/\/hejkalek.cz\/?page_id=48"},"modified":"2025-06-25T12:44:48","modified_gmt":"2025-06-25T12:44:48","slug":"dokumenty","status":"publish","type":"page","link":"https:\/\/hejkalek.cz\/?page_id=48","title":{"rendered":"Dokumenty"},"content":{"rendered":"\n<div class=\"wp-block-cover alignfull\" style=\"min-height:720px;aspect-ratio:unset;\"><span aria-hidden=\"true\" class=\"wp-block-cover__background has-background-dim-100 has-background-dim has-background-gradient\" style=\"background:linear-gradient(300deg,rgb(202,248,128) 0%,rgb(113,206,126) 100%)\"><\/span><div class=\"wp-block-cover__inner-container is-layout-flow wp-block-cover-is-layout-flow\">\n<div class=\"inherit-container-width wp-block-group alignwide is-layout-constrained wp-block-group-is-layout-constrained\">\n<div class=\"wp-block-media-text alignwide has-media-on-the-right is-stacked-on-mobile is-vertically-aligned-center\" style=\"grid-template-columns:auto 43%\"><div class=\"wp-block-media-text__content\">\n<div style=\"height:100px\" aria-hidden=\"true\" class=\"wp-block-spacer\"><\/div>\n\n\n\n<h1 class=\"wp-block-heading has-text-align-left has-white-color has-text-color\">Agenda<\/h1>\n\n\n\n<p class=\"has-white-color has-text-color has-link-color wp-elements-4f7bf1b973727bb1bf8771868d784e52\"><strong>O tom, jak Hejk\u00e1lek s pap\u00edrov\u00fdm \u010dertem bitvu sv\u00e9sti mus\u00ed a co k&nbsp;tomu od rodi\u010d\u016f kamar\u00e1d\u00ed\u010dk\u016f, mal\u00fdch lidi\u010dek, vyz\u00edskati mus\u00ed, neb poskytnout jim m\u016f\u017ee<\/strong><\/p>\n\n\n\n<p class=\"has-white-color has-text-color has-link-color wp-elements-bdf3a1a66d80c54caace91558a67d1c7\">Tak u\u017e to na tom sv\u011bt\u011b chod\u00ed, \u017ee kdo chce dobro \u010diniti a svoji pr\u00e1ci konati, objev\u00ed se \u010dert, kter\u00fd na starosti pap\u00edry m\u00e1, a p\u0159inese mu jich hnedle plnou n\u016f\u0161i. Nejinak tomu bylo a je i u Hejk\u00e1lka. Aby mohl sv\u00fdm kamar\u00e1d\u00ed\u010dk\u016fm, mal\u00fdm lidi\u010dk\u00e1m, sv\u00e9 znalosti a um p\u0159edati a v&nbsp;klidu si s&nbsp;nimi hr\u00e1ti, mus\u00ed spolu s rodi\u010di p\u0159ekonati mnoho takov\u00fdch pap\u00edrov\u00fdch p\u0159ek\u00e1\u017eek. A pr\u00e1v\u011b proto jsou zde v\u0161echny d\u016fle\u017eit\u00e9 dokumenty soust\u0159ed\u011bny na jednom m\u00edst\u011b, aby ji\u017e rodi\u010de zbyte\u010dn\u011b p\u00e1trat nemuseli.<\/p>\n\n\n\n<p class=\"has-white-color has-text-color has-link-color wp-elements-b8e919b75b7d24e4d78d9fb543cca967\"><strong>\u017d\u00e1dost o p\u0159ijet\u00ed do d\u011btsk\u00e9 skupiny <\/strong><strong><\/strong><\/p>\n\n\n\n<p class=\"has-white-color has-text-color has-link-color wp-elements-d40df36cc0b55f2d99564406bd203e9a\"><strong>V\u00fdpov\u011b\u010f \u2013 ozn\u00e1men\u00ed o ukon\u010den\u00ed doch\u00e1zky do d\u011btsk\u00e9 skupiny <\/strong><strong><\/strong><\/p>\n\n\n\n<p class=\"has-white-color has-text-color has-link-color wp-elements-9254e41d8123702a6d266f2582ed7fae\"><strong>Eviden\u010dn\u00ed list d\u00edt\u011bte<\/strong><strong><\/strong><\/p>\n\n\n\n<p class=\"has-white-color has-text-color has-link-color wp-elements-f0e5340da686f0c170a89af85c5ce6d0\"><strong>L\u00e9ka\u0159sk\u00e9 potvrzen\u00ed <\/strong><strong><\/strong><\/p>\n\n\n\n<p class=\"has-ast-global-color-4-color has-text-color has-link-color wp-elements-8305bb958762cc7422a960c1eeefaf55\"><strong>Smlouva o poskytov\u00e1n\u00ed slu\u017eby p\u00e9\u010de o d\u00edt\u011b v&nbsp;d\u011btsk\u00e9 skupin\u011b <\/strong><strong><\/strong><\/p>\n\n\n\n<p class=\"has-white-color has-text-color has-link-color wp-elements-0cb20d2985aaa9f730601c4ba1127ceb\"><strong>GDPR<\/strong><strong><\/strong><\/p>\n\n\n\n<p class=\"has-white-color has-text-color has-link-color wp-elements-593862892c339772a193b6ce3bdfe2d6\"><strong>Potvrzen\u00ed o pracovn\u011bpr\u00e1vn\u00edm vztahu <\/strong><strong><\/strong><\/p>\n\n\n\n<ol style=\"list-style-type:lower-alpha\" class=\"wp-block-list\">\n<li class=\"has-white-color has-text-color has-link-color wp-elements-c882de303060115a91def4b19fac6dce\"><strong>Potvrzen\u00ed OSV\u010c<\/strong><\/li>\n\n\n\n<li class=\"has-white-color has-text-color has-link-color wp-elements-4d3721867cb7dac0435dcfc7d28852df\"><strong>Potvrzen\u00ed z&nbsp;\u00da\u0159adu pr\u00e1ce <\/strong><\/li>\n\n\n\n<li class=\"has-white-color has-text-color has-link-color wp-elements-062c7f5afe6dfae3e99377765f265e0c\"><strong>Potvrzen\u00ed o studiu <\/strong><\/li>\n<\/ol>\n\n\n\n<p class=\"has-white-color has-text-color has-link-color wp-elements-fc15102b6ab010fce45f0160288e4e92\"><strong>Vnit\u0159n\u00ed pravidla d\u011btsk\u00e9 skupiny <\/strong><strong><\/strong><\/p>\n\n\n\n<p class=\"has-white-color has-text-color has-link-color wp-elements-c37ec3391a8b6cacaac7170d19b5a2ab\"><strong>Pl\u00e1n v\u00fdchovy a p\u00e9\u010de <\/strong><strong><\/strong><\/p>\n\n\n\n<figure class=\"wp-block-image size-large\"><img loading=\"lazy\" decoding=\"async\" width=\"724\" height=\"1024\" src=\"https:\/\/hejkalek.cz\/wp-content\/uploads\/2025\/06\/DS-Hejkalek-a3vertical-724x1024.png\" alt=\"\" class=\"wp-image-184\" srcset=\"https:\/\/hejkalek.cz\/wp-content\/uploads\/2025\/06\/DS-Hejkalek-a3vertical-724x1024.png 724w, https:\/\/hejkalek.cz\/wp-content\/uploads\/2025\/06\/DS-Hejkalek-a3vertical-212x300.png 212w, https:\/\/hejkalek.cz\/wp-content\/uploads\/2025\/06\/DS-Hejkalek-a3vertical-768x1086.png 768w, https:\/\/hejkalek.cz\/wp-content\/uploads\/2025\/06\/DS-Hejkalek-a3vertical-1086x1536.png 1086w, https:\/\/hejkalek.cz\/wp-content\/uploads\/2025\/06\/DS-Hejkalek-a3vertical-1448x2048.png 1448w, https:\/\/hejkalek.cz\/wp-content\/uploads\/2025\/06\/DS-Hejkalek-a3vertical-scaled.png 1810w\" sizes=\"auto, (max-width: 724px) 100vw, 724px\" \/><\/figure>\n<\/div><figure class=\"wp-block-media-text__media\"><img decoding=\"async\" src=\"https:\/\/hejkalek.cz\/wp-content\/uploads\/2025\/02\/4-741x1024.png\" alt=\"\" class=\"wp-image-62 size-full\"\/><\/figure><\/div>\n<\/div>\n<\/div><\/div>\n\n\n\n<p><\/p>\n","protected":false},"excerpt":{"rendered":"","protected":false},"author":1,"featured_media":0,"parent":0,"menu_order":0,"comment_status":"closed","ping_status":"closed","template":"","meta":{"site-sidebar-layout":"no-sidebar","site-content-layout":"plain-container","ast-site-content-layout":"","site-content-style":"default","site-sidebar-style":"default","ast-global-header-display":"","ast-banner-title-visibility":"","ast-main-header-display":"","ast-hfb-above-header-display":"","ast-hfb-below-header-display":"","ast-hfb-mobile-header-display":"","site-post-title":"disabled","ast-breadcrumbs-content":"","ast-featured-img":"","footer-sml-layout":"","theme-transparent-header-meta":"enabled","adv-header-id-meta":"","stick-header-meta":"","header-above-stick-meta":"","header-main-stick-meta":"","header-below-stick-meta":"","astra-migrate-meta-layouts":"default","ast-page-background-enabled":"default","ast-page-background-meta":{"desktop":{"background-color":"var(--ast-global-color-5)","background-image":"","background-repeat":"repeat","background-position":"center center","background-size":"auto","background-attachment":"scroll","background-type":"","background-media":"","overlay-type":"","overlay-color":"","overlay-opacity":"","overlay-gradient":""},"tablet":{"background-color":"","background-image":"","background-repeat":"repeat","background-position":"center center","background-size":"auto","background-attachment":"scroll","background-type":"","background-media":"","overlay-type":"","overlay-color":"","overlay-opacity":"","overlay-gradient":""},"mobile":{"background-color":"","background-image":"","background-repeat":"repeat","background-position":"center center","background-size":"auto","background-attachment":"scroll","background-type":"","background-media":"","overlay-type":"","overlay-color":"","overlay-opacity":"","overlay-gradient":""}},"ast-content-background-meta":{"desktop":{"background-color":"var(--ast-global-color-4)","background-image":"","background-repeat":"repeat","background-position":"center center","background-size":"auto","background-attachment":"scroll","background-type":"","background-media":"","overlay-type":"","overlay-color":"","overlay-opacity":"","overlay-gradient":""},"tablet":{"background-color":"var(--ast-global-color-4)","background-image":"","background-repeat":"repeat","background-position":"center center","background-size":"auto","background-attachment":"scroll","background-type":"","background-media":"","overlay-type":"","overlay-color":"","overlay-opacity":"","overlay-gradient":""},"mobile":{"background-color":"var(--ast-global-color-4)","background-image":"","background-repeat":"repeat","background-position":"center center","background-size":"auto","background-attachment":"scroll","background-type":"","background-media":"","overlay-type":"","overlay-color":"","overlay-opacity":"","overlay-gradient":""}},"footnotes":""},"class_list":["post-48","page","type-page","status-publish","hentry"],"_links":{"self":[{"href":"https:\/\/hejkalek.cz\/index.php?rest_route=\/wp\/v2\/pages\/48","targetHints":{"allow":["GET"]}}],"collection":[{"href":"https:\/\/hejkalek.cz\/index.php?rest_route=\/wp\/v2\/pages"}],"about":[{"href":"https:\/\/hejkalek.cz\/index.php?rest_route=\/wp\/v2\/types\/page"}],"author":[{"embeddable":true,"href":"https:\/\/hejkalek.cz\/index.php?rest_route=\/wp\/v2\/users\/1"}],"replies":[{"embeddable":true,"href":"https:\/\/hejkalek.cz\/index.php?rest_route=%2Fwp%2Fv2%2Fcomments&post=48"}],"version-history":[{"count":4,"href":"https:\/\/hejkalek.cz\/index.php?rest_route=\/wp\/v2\/pages\/48\/revisions"}],"predecessor-version":[{"id":185,"href":"https:\/\/hejkalek.cz\/index.php?rest_route=\/wp\/v2\/pages\/48\/revisions\/185"}],"wp:attachment":[{"href":"https:\/\/hejkalek.cz\/index.php?rest_route=%2Fwp%2Fv2%2Fmedia&parent=48"}],"curies":[{"name":"wp","href":"https:\/\/api.w.org\/{rel}","templated":true}]}}