{"id":9,"date":"2025-02-24T09:45:20","date_gmt":"2025-02-24T09:45:20","guid":{"rendered":"https:\/\/hejkalek.cz\/?page_id=9"},"modified":"2025-07-23T06:24:18","modified_gmt":"2025-07-23T06:24:18","slug":"domov","status":"publish","type":"page","link":"https:\/\/hejkalek.cz\/","title":{"rendered":"\u00davod"},"content":{"rendered":"\n<div class=\"wp-block-cover alignfull\" style=\"min-height:720px;aspect-ratio:unset;\"><span aria-hidden=\"true\" class=\"wp-block-cover__background has-background-dim-100 has-background-dim has-background-gradient\" style=\"background:linear-gradient(300deg,rgb(202,248,128) 0%,rgb(113,206,126) 100%)\"><\/span><div class=\"wp-block-cover__inner-container is-layout-flow wp-block-cover-is-layout-flow\">\n<div class=\"inherit-container-width wp-block-group alignwide is-layout-constrained wp-block-group-is-layout-constrained\">\n<div class=\"wp-block-media-text alignwide has-media-on-the-right is-vertically-aligned-center\" style=\"margin-top:0;margin-bottom:0;grid-template-columns:auto 41%\"><div class=\"wp-block-media-text__content\">\n<p><\/p>\n\n\n\n<p class=\"has-text-align-left\"><\/p>\n\n\n\n<div style=\"height:100px\" aria-hidden=\"true\" class=\"wp-block-spacer\"><\/div>\n\n\n\n<p class=\"has-text-align-left\"><\/p>\n\n\n\n<p><em>Projekt D\u011btsk\u00e1 skupina Hejk\u00e1lek je spolufinancov\u00e1n Evropskou uni\u00ed<\/em>.<\/p>\n\n\n\n<p><em>Registra\u010dn\u00ed \u010d\u00edslo projektu: CZ.03.01.02\/00\/24_061\/0004460.<\/em> <\/p>\n\n\n\n<p><em>C\u00edlem projektu je vybudovat a provozovat d\u011btskou skupinu s kapacitou 12 d\u011bt\u00ed. V d\u011btsk\u00e9<\/em> <em>skupin\u011b zajist\u00edme kvalitn\u00ed v\u00fdchovu a p\u00e9\u010di nejmen\u0161\u00edm d\u011btem a jejich rodi\u010d\u016fm tak &nbsp;pom\u016f\u017eeme se zapojen\u00edm na trh pr\u00e1ce.<\/em><\/p>\n\n\n\n<p><\/p>\n\n\n\n<h1 class=\"wp-block-heading has-text-align-left has-white-color has-text-color\">Informace o n\u00e1s<\/h1>\n\n\n\n<p class=\"has-white-color has-text-color has-link-color wp-elements-f990e8fb9a533e85fa10600262907c5d\"><strong>O Hejk\u00e1lkovi<\/strong><\/p>\n\n\n\n<p class=\"has-white-color has-text-color has-link-color wp-elements-22d82abf06e1e7686ae697b4d95f806d\">Mil\u00e9 d\u011bti, nebo jak \u0159\u00edk\u00e1 Hejk\u00e1lek: \u201e mil\u00ed mal\u00ed lidi\u010dkov\u00e9\u201c, v\u00edte, kdo je vlastn\u011b ten Hejk\u00e1lek? N\u011bkte\u0159\u00ed \u0159\u00edkaj\u00ed, \u017ee je to stra\u0161idlo, jin\u00ed tvrd\u00ed, \u017ee je to duch lesa a p\u0159\u00edrody. A ti ostatn\u00ed? Ti maj\u00ed zase mnoho dal\u0161\u00edch teori\u00ed. Pravdu asi maj\u00ed tak trochu v\u0161ichni, nikdo v\u0161ak nev\u00ed nic ur\u010dit\u00e9ho. Nicm\u00e9n\u011b, jak se p\u00ed\u0161e ve star\u00fdch kronik\u00e1ch a jak se i nyn\u00ed u n\u00e1s ukazuje, jedn\u00e1 se o stvo\u0159en\u00ed hodn\u00e9, veskrze kladn\u00e9, od kter\u00e9ho bychom se pr\u00e1v\u011b v dne\u0161n\u00ed dob\u011b mohli mnoh\u00e9mu p\u0159iu\u010diti. Alespo\u0148 Hejk\u00e1lek, co se ned\u00e1vno v na\u0161\u00ed bl\u00edzkosti usadil a o kamar\u00e1d\u00ed\u010dky, mal\u00e9 lidi\u010dky, spolu s tetkami ch\u016fvami pe\u010duje, takov\u00fd je. Cht\u011bli byste se o n\u011bm, jeho kouzlech a p\u016fsoben\u00ed dozv\u011bd\u011bt v\u00edce? Pokud ano, p\u0159ipravili jsme pro v\u00e1s n\u011bkolik zaj\u00edmav\u00fdch informac\u00ed.<\/p>\n\n\n\n<p class=\"has-white-color has-text-color has-link-color wp-elements-db524f585d41fdbea34d4510eaab6a34\" style=\"line-height:0\">DS Hejk\u00e1lek spravuje zapsan\u00fd spolek Hejk\u00e1lek, z.s.<\/p>\n\n\n\n<p class=\"has-white-color has-text-color has-link-color\">Adresa: 28. \u0159\u00edjna 1081\/10, 430 01 Chomutov<\/p>\n\n\n\n<p class=\"has-white-color has-text-color has-link-color wp-elements-a794ae083c8f84d866b587aab30114f1\" style=\"line-height:0\">Telefon: 604&nbsp;966&nbsp;559<\/p>\n\n\n\n<p class=\"has-white-color has-text-color has-link-color wp-elements-3c022ee0ad3604a614892539bc025397\" style=\"line-height:0\">Kapacita d\u011bt\u00ed: 12<\/p>\n\n\n\n<p class=\"has-white-color has-text-color has-link-color wp-elements-360e8d5fc90829796034e72d368450e6\" style=\"line-height:0\">V\u011bk d\u011bt\u00ed: 2-6 let<\/p>\n\n\n\n<p class=\"has-white-color has-text-color has-link-color wp-elements-d2686062df591e1f364eb64a57e3a32f\" style=\"line-height:0\">Provozn\u00ed doba: 7.00 \u2013 17.00 h<\/p>\n\n\n\n<p class=\"has-white-color has-text-color has-link-color wp-elements-c4a485d9539cb768aae8eba21f7b767f\" style=\"line-height:0\">I\u010c: 212&nbsp;796 32<\/p>\n\n\n\n<p class=\"has-white-color has-text-color has-link-color wp-elements-115b1ae1a5fcb0ab12e54519625e4a43\" style=\"line-height:0\">E-mail: <a href=\"mailto:hejkalekzs@seznam.cz\">hejkalekzs@seznam.cz<\/a><\/p>\n\n\n\n<p class=\"has-white-color has-text-color has-link-color wp-elements-45e6e9a4aea1f1088fb9da6835dbb4a2\" style=\"line-height:0\">Datov\u00e1 schr\u00e1nka: kyry7xf<\/p>\n\n\n\n<p class=\"has-white-color has-text-color has-link-color wp-elements-fca5c14f67048caaa3176b451d133d43\" style=\"line-height:0\">Bankovn\u00ed spojen\u00ed: 6677083319\/0800<\/p>\n\n\n\n<p class=\"has-white-color has-text-color has-link-color wp-elements-04a0a42554efe737c2fb92f506ffd1d1\" style=\"line-height:0\">Kontakty:<\/p>\n\n\n\n<p class=\"has-white-color has-text-color has-link-color wp-elements-2ac725ba733e325e0ab11d4b4e846508\" style=\"line-height:0\">Facebook<\/p>\n\n\n\n<p class=\"has-white-color has-text-color has-link-color wp-elements-88185fca9162f7f6e0f1d4fb6509d21e\" style=\"line-height:0\">Instagram<\/p>\n\n\n\n<p class=\"has-white-color has-text-color has-link-color wp-elements-5143844529b80002f61d5c75d6ca999e\">Jsme soukrom\u00e1 d\u011btsk\u00e1 skupina zalo\u017eena a provozov\u00e1na dle z\u00e1kona \u010d. 247\/2014 Sb., o poskytov\u00e1n\u00ed slu\u017eby p\u00e9\u010de o d\u00edt\u011b v&nbsp;d\u011btsk\u00e9 skupin\u011b a o zm\u011bn\u011b souvisej\u00edc\u00edch z\u00e1kon\u016f.<\/p>\n\n\n\n<figure class=\"wp-block-gallery has-nested-images columns-default is-cropped wp-block-gallery-1 is-layout-flex wp-block-gallery-is-layout-flex\"><\/figure>\n\n\n\n<p class=\"has-white-color has-text-color has-link-color wp-elements-c645e628e62f8fbab9d9726851472d16\"><\/p>\n<\/div><figure class=\"wp-block-media-text__media\"><img loading=\"lazy\" decoding=\"async\" width=\"2048\" height=\"1447\" src=\"https:\/\/hejkalek.cz\/wp-content\/uploads\/2025\/03\/Budova-Hejkalka-.jpeg\" alt=\"Projekt D\u011btsk\u00e1 skupina Hejk\u00e1lek je spolufinancov\u00e1n Evropskou uni\u00ed.\n\nC\u00edlem projektu je vybudovat a provozovat d\u011btskou skupinu s kapacitou 12 d\u011bt\u00ed. V d\u011btsk\u00e9\n\nskupin\u011b zajist\u00edme kvalitn\u00ed v\u00fdchovu a p\u00e9\u010di nejmen\u0161\u00edm d\u011btem a jejich rodi\u010d\u016fm tak  pom\u016f\u017eeme se zapojen\u00edm na trh pr\u00e1ce.\" class=\"wp-image-146 size-full\" srcset=\"https:\/\/hejkalek.cz\/wp-content\/uploads\/2025\/03\/Budova-Hejkalka-.jpeg 2048w, https:\/\/hejkalek.cz\/wp-content\/uploads\/2025\/03\/Budova-Hejkalka--300x212.jpeg 300w, https:\/\/hejkalek.cz\/wp-content\/uploads\/2025\/03\/Budova-Hejkalka--1024x724.jpeg 1024w, https:\/\/hejkalek.cz\/wp-content\/uploads\/2025\/03\/Budova-Hejkalka--768x543.jpeg 768w, https:\/\/hejkalek.cz\/wp-content\/uploads\/2025\/03\/Budova-Hejkalka--1536x1085.jpeg 1536w\" sizes=\"auto, (max-width: 2048px) 100vw, 2048px\" \/><\/figure><\/div>\n<\/div>\n<\/div><\/div>\n\n\n\n<p><\/p>\n","protected":false},"excerpt":{"rendered":"","protected":false},"author":2,"featured_media":0,"parent":0,"menu_order":0,"comment_status":"closed","ping_status":"closed","template":"","meta":{"site-sidebar-layout":"no-sidebar","site-content-layout":"plain-container","ast-site-content-layout":"","site-content-style":"default","site-sidebar-style":"default","ast-global-header-display":"","ast-banner-title-visibility":"","ast-main-header-display":"","ast-hfb-above-header-display":"","ast-hfb-below-header-display":"","ast-hfb-mobile-header-display":"","site-post-title":"disabled","ast-breadcrumbs-content":"","ast-featured-img":"disabled","footer-sml-layout":"","theme-transparent-header-meta":"enabled","adv-header-id-meta":"","stick-header-meta":"","header-above-stick-meta":"","header-main-stick-meta":"","header-below-stick-meta":"","astra-migrate-meta-layouts":"default","ast-page-background-enabled":"default","ast-page-background-meta":{"desktop":{"background-color":"var(--ast-global-color-5)","background-image":"","background-repeat":"repeat","background-position":"center center","background-size":"auto","background-attachment":"scroll","background-type":"","background-media":"","overlay-type":"","overlay-color":"","overlay-opacity":"","overlay-gradient":""},"tablet":{"background-color":"","background-image":"","background-repeat":"repeat","background-position":"center center","background-size":"auto","background-attachment":"scroll","background-type":"","background-media":"","overlay-type":"","overlay-color":"","overlay-opacity":"","overlay-gradient":""},"mobile":{"background-color":"","background-image":"","background-repeat":"repeat","background-position":"center center","background-size":"auto","background-attachment":"scroll","background-type":"","background-media":"","overlay-type":"","overlay-color":"","overlay-opacity":"","overlay-gradient":""}},"ast-content-background-meta":{"desktop":{"background-color":"var(--ast-global-color-4)","background-image":"","background-repeat":"repeat","background-position":"center center","background-size":"auto","background-attachment":"scroll","background-type":"","background-media":"","overlay-type":"","overlay-color":"","overlay-opacity":"","overlay-gradient":""},"tablet":{"background-color":"var(--ast-global-color-4)","background-image":"","background-repeat":"repeat","background-position":"center center","background-size":"auto","background-attachment":"scroll","background-type":"","background-media":"","overlay-type":"","overlay-color":"","overlay-opacity":"","overlay-gradient":""},"mobile":{"background-color":"var(--ast-global-color-4)","background-image":"","background-repeat":"repeat","background-position":"center center","background-size":"auto","background-attachment":"scroll","background-type":"","background-media":"","overlay-type":"","overlay-color":"","overlay-opacity":"","overlay-gradient":""}},"footnotes":""},"class_list":["post-9","page","type-page","status-publish","hentry"],"_links":{"self":[{"href":"https:\/\/hejkalek.cz\/index.php?rest_route=\/wp\/v2\/pages\/9","targetHints":{"allow":["GET"]}}],"collection":[{"href":"https:\/\/hejkalek.cz\/index.php?rest_route=\/wp\/v2\/pages"}],"about":[{"href":"https:\/\/hejkalek.cz\/index.php?rest_route=\/wp\/v2\/types\/page"}],"author":[{"embeddable":true,"href":"https:\/\/hejkalek.cz\/index.php?rest_route=\/wp\/v2\/users\/2"}],"replies":[{"embeddable":true,"href":"https:\/\/hejkalek.cz\/index.php?rest_route=%2Fwp%2Fv2%2Fcomments&post=9"}],"version-history":[{"count":32,"href":"https:\/\/hejkalek.cz\/index.php?rest_route=\/wp\/v2\/pages\/9\/revisions"}],"predecessor-version":[{"id":217,"href":"https:\/\/hejkalek.cz\/index.php?rest_route=\/wp\/v2\/pages\/9\/revisions\/217"}],"wp:attachment":[{"href":"https:\/\/hejkalek.cz\/index.php?rest_route=%2Fwp%2Fv2%2Fmedia&parent=9"}],"curies":[{"name":"wp","href":"https:\/\/api.w.org\/{rel}","templated":true}]}}